{"id":30,"date":"2025-11-09T20:51:12","date_gmt":"2025-11-09T17:51:12","guid":{"rendered":"https:\/\/sorpos.com\/?page_id=30"},"modified":"2025-11-09T20:51:12","modified_gmt":"2025-11-09T17:51:12","slug":"hakkinda","status":"publish","type":"page","link":"https:\/\/sorpos.com\/?page_id=30","title":{"rendered":"Hakk\u0131nda"},"content":{"rendered":"<p>Kendinizi ve \u00e7al\u0131\u015fmalar\u0131n\u0131z\u0131 burada tan\u0131tmak isteyen bir sanat\u00e7\u0131 olabilirsiniz veya belki de tarif etme g\u00f6revi olan bir i\u015f olabilirsiniz.<\/p>\n","protected":false},"excerpt":{"rendered":"<p>Kendinizi ve \u00e7al\u0131\u015fmalar\u0131n\u0131z\u0131 burada tan\u0131tmak isteyen bir sanat\u00e7\u0131 olabilirsiniz veya belki de tarif etme g\u00f6revi olan bir i\u015f olabilirsiniz.<\/p>\n","protected":false},"author":1,"featured_media":0,"parent":0,"menu_order":0,"comment_status":"closed","ping_status":"closed","template":"","meta":{"footnotes":""},"class_list":["post-30","page","type-page","status-publish","hentry"],"_links":{"self":[{"href":"https:\/\/sorpos.com\/index.php?rest_route=\/wp\/v2\/pages\/30","targetHints":{"allow":["GET"]}}],"collection":[{"href":"https:\/\/sorpos.com\/index.php?rest_route=\/wp\/v2\/pages"}],"about":[{"href":"https:\/\/sorpos.com\/index.php?rest_route=\/wp\/v2\/types\/page"}],"author":[{"embeddable":true,"href":"https:\/\/sorpos.com\/index.php?rest_route=\/wp\/v2\/users\/1"}],"replies":[{"embeddable":true,"href":"https:\/\/sorpos.com\/index.php?rest_route=%2Fwp%2Fv2%2Fcomments&post=30"}],"version-history":[{"count":1,"href":"https:\/\/sorpos.com\/index.php?rest_route=\/wp\/v2\/pages\/30\/revisions"}],"predecessor-version":[{"id":47,"href":"https:\/\/sorpos.com\/index.php?rest_route=\/wp\/v2\/pages\/30\/revisions\/47"}],"wp:attachment":[{"href":"https:\/\/sorpos.com\/index.php?rest_route=%2Fwp%2Fv2%2Fmedia&parent=30"}],"curies":[{"name":"wp","href":"https:\/\/api.w.org\/{rel}","templated":true}]}}